{"id":388,"date":"2021-09-24T14:22:32","date_gmt":"2021-09-24T12:22:32","guid":{"rendered":"http:\/\/www.poltegor.pl\/?page_id=388"},"modified":"2026-01-24T17:31:20","modified_gmt":"2026-01-24T15:31:20","slug":"388-2","status":"publish","type":"page","link":"http:\/\/www.poltegor.pl\/?page_id=388&lang=pl","title":{"rendered":""},"content":{"rendered":"<p><strong>BIURA DO WYNAJ\u0118CIA<\/strong><\/p>\n<p><strong>Do wynaj\u0119cia pomieszczenia biurowe w 4 kondygnacyjnym biurowcu przy ul. Wy\u015bcigowej 56F we Wroc\u0142awiu:<\/strong><\/p>\n<ul>\n<li>Pokoje klimatyzowane, wyposa\u017cone w okablowanie strukturalne kategorii 6, z odr\u0119bnym zasilaniem komputerowym.<\/li>\n<li>Budynek posiada pomieszczenia techniczne (piony \u015bwiat\u0142owodowe) i serwerownie oraz pod\u0142\u0105czenia telekomunikacyjne od r\u00f3\u017cnych dostawc\u00f3w \u0142\u0105czami sta\u0142ymi (Orange, Netia) i mo\u017cliwo\u015b\u0107 po\u0142\u0105cze\u0144 bezprzewodowych (np. NASK),<\/li>\n<li>Budynek wyposa\u017cony jest w windy, wsp\u00f3lne w\u0119z\u0142y sanitarne i pomieszczenia \u015bniadaniowe (na ka\u017cdym pi\u0119trze). Podjazd i winda towarowa,<\/li>\n<li>Istnieje mo\u017cliwo\u015b\u0107 wynajmowania sali konferencyjnej,<\/li>\n<li>Ca\u0142odobowa ochrona, recepcja (portiernia), kontrola dost\u0119pu, monitoring cz\u0119\u015bci wsp\u00f3lnych i na zewn\u0105trz budynku, miejsca parkingowe, teren ogrodzony,<\/li>\n<li>Znakomity dojazd z wszystkich kierunk\u00f3w zewn\u0119trznych \u2013 lokalizacja blisko Centrum, z doskona\u0142ym dojazdem do autostrady A4 i w\u0119z\u0142a autostradowego z Autostradow\u0105 Obwodnic\u0105 Wroc\u0142awia (A4\/A8),<\/li>\n<li>Dost\u0119p do komunikacji publicznej: przystanki autobusowe (ul. Karkonoska) i tramwajowe (p\u0119tle ul. \u015al\u0119\u017cna i Karkonoska).<\/li>\n<\/ul>\n<p>&nbsp;<\/p>\n<p>Kontakt:<\/p>\n<p><a href=\"mailto:biuro@poltegor.pl\">biuro@poltegor.pl<\/a><\/p>\n<p>tel.\u00a0 602\u00a0382\u00a0536<\/p>\n<p>tel.\u00a0 605\u00a0091 991<\/p>\n","protected":false},"excerpt":{"rendered":"<p>BIURA DO WYNAJ\u0118CIA Do wynaj\u0119cia pomieszczenia biurowe w 4 kondygnacyjnym biurowcu przy ul. Wy\u015bcigowej 56F we Wroc\u0142awiu: Pokoje klimatyzowane, wyposa\u017cone w okablowanie strukturalne kategorii 6, z odr\u0119bnym zasilaniem komputerowym. Budynek posiada pomieszczenia techniczne (piony \u015bwiat\u0142owodowe) i serwerownie oraz pod\u0142\u0105czenia telekomunikacyjne od r\u00f3\u017cnych dostawc\u00f3w \u0142\u0105czami sta\u0142ymi (Orange, Netia) i mo\u017cliwo\u015b\u0107 po\u0142\u0105cze\u0144 bezprzewodowych (np. NASK), Budynek wyposa\u017cony &hellip; <a href=\"http:\/\/www.poltegor.pl\/?page_id=388&#038;lang=pl\" class=\"more-link\">Continue reading<span class=\"screen-reader-text\"> &#8222;&#8221;<\/span><\/a><\/p>\n","protected":false},"author":1,"featured_media":0,"parent":0,"menu_order":0,"comment_status":"closed","ping_status":"closed","template":"","meta":{"footnotes":""},"class_list":["post-388","page","type-page","status-publish","hentry"],"_links":{"self":[{"href":"http:\/\/www.poltegor.pl\/index.php?rest_route=\/wp\/v2\/pages\/388","targetHints":{"allow":["GET"]}}],"collection":[{"href":"http:\/\/www.poltegor.pl\/index.php?rest_route=\/wp\/v2\/pages"}],"about":[{"href":"http:\/\/www.poltegor.pl\/index.php?rest_route=\/wp\/v2\/types\/page"}],"author":[{"embeddable":true,"href":"http:\/\/www.poltegor.pl\/index.php?rest_route=\/wp\/v2\/users\/1"}],"replies":[{"embeddable":true,"href":"http:\/\/www.poltegor.pl\/index.php?rest_route=%2Fwp%2Fv2%2Fcomments&post=388"}],"version-history":[{"count":7,"href":"http:\/\/www.poltegor.pl\/index.php?rest_route=\/wp\/v2\/pages\/388\/revisions"}],"predecessor-version":[{"id":508,"href":"http:\/\/www.poltegor.pl\/index.php?rest_route=\/wp\/v2\/pages\/388\/revisions\/508"}],"wp:attachment":[{"href":"http:\/\/www.poltegor.pl\/index.php?rest_route=%2Fwp%2Fv2%2Fmedia&parent=388"}],"curies":[{"name":"wp","href":"https:\/\/api.w.org\/{rel}","templated":true}]}}